{"id":2464,"date":"2026-05-07T02:37:53","date_gmt":"2026-05-07T02:37:53","guid":{"rendered":"https:\/\/esmerindorocha.com\/?page_id=2464"},"modified":"2026-05-07T02:37:53","modified_gmt":"2026-05-07T02:37:53","slug":"blog","status":"publish","type":"page","link":"https:\/\/esmerindorocha.com\/?page_id=2464","title":{"rendered":"Blog"},"content":{"rendered":"<div class=\"wp-block-group alignfull hostinger-ai-our-blog-1 hostinger-ai-fade-up has-global-padding is-layout-constrained wp-block-group-is-layout-constrained\" data-aos=\"fade-up\">\n    <div class=\"wp-block-group alignwide hostinger-ai-fade-up has-global-padding is-content-justification-left is-layout-constrained wp-container-core-group-is-layout-12dd3699 wp-block-group-is-layout-constrained\" data-aos=\"fade-up\">\n        <h2 class=\"wp-block-heading is-style-default hostinger-ai-title has-dark-color has-text-color has-link-color has-x-large-font-size wp-elements-399f316a8d80a4e61848596a4dce79c9\" style=\"margin-bottom:var(--wp--preset--spacing--50)\">Dicas para fam&iacute;lias<\/h2>\n        \n\n        \n        <div data-wp-context=\"{}\" data-wp-interactive=\"core\/query\" data-wp-key=\"24\" data-wp-router-region=\"query-24\" class=\"wp-block-query alignwide is-layout-flow wp-block-query-is-layout-flow\"><ul class=\"columns-2 post-item wp-block-post-template is-layout-grid wp-container-core-post-template-is-layout-02493678 wp-block-post-template-is-layout-grid\"><li data-wp-key=\"post-template-item-2460\" class=\"wp-block-post post-2460 post type-post status-publish format-standard has-post-thumbnail hentry category-uncategorized\">\n            <figure class=\"wp-block-post-featured-image\"><a href=\"https:\/\/esmerindorocha.com\/?p=2460\" target=\"_self\"  ><img loading=\"lazy\" decoding=\"async\" width=\"530\" height=\"250\" src=\"https:\/\/images.unsplash.com\/photo-1692914274658-819221d41d6c?q=85&amp;w=530&amp;h=250&amp;fit=crop\" class=\"attachment-blog-thumb size-blog-thumb wp-post-image\" alt=\"Dicas para Criar Conte\u00fado Digital Para Fam\u00edlias e Casais\" style=\"border-radius:20px;object-fit:cover;\" title=\"Dicas para Criar Conte\u00fado Digital Para Fam\u00edlias e Casais\"><\/a><\/figure>\n\n            <h2 style=\"margin-bottom:0;margin-top:var(--wp--preset--spacing--20);\" class=\"wp-block-post-title has-large-font-size\"><a href=\"https:\/\/esmerindorocha.com\/?p=2460\" target=\"_self\" >Dicas para Criar Conte\u00fado Digital Para Fam\u00edlias e Casais<\/a><\/h2>\n\n            <div style=\"margin-bottom:0;margin-top:var(--wp--preset--spacing--20);\" class=\"wp-block-post-excerpt\"><p class=\"wp-block-post-excerpt__excerpt\">Introdu\u00e7\u00e3o ao Conte\u00fado Digital No universo digital, a cria\u00e7\u00e3o de conte\u00fado direcionado a fam\u00edlias e casais \u00e9 fundamental para construir&hellip; <\/p><\/div>\n\n            <div style=\"margin-top:var(--wp--preset--spacing--20);\" class=\"wp-block-post-date\"><time datetime=\"2026-05-07T02:37:39+00:00\">5\/7\/2026<\/time><\/div>\n            <\/li><li data-wp-key=\"post-template-item-2458\" class=\"wp-block-post post-2458 post type-post status-publish format-standard has-post-thumbnail hentry category-uncategorized\">\n            <figure class=\"wp-block-post-featured-image\"><a href=\"https:\/\/esmerindorocha.com\/?p=2458\" target=\"_self\"  ><img loading=\"lazy\" decoding=\"async\" width=\"530\" height=\"250\" src=\"https:\/\/images.unsplash.com\/photo-1542744095-291d1f67b221?q=85&amp;w=530&amp;h=250&amp;fit=crop\" class=\"attachment-blog-thumb size-blog-thumb wp-post-image\" alt=\"Dicas para Fam\u00edlias e Casais na Leitura de Ebooks\" style=\"border-radius:20px;object-fit:cover;\" title=\"Dicas para Fam\u00edlias e Casais na Leitura de Ebooks\"><\/a><\/figure>\n\n            <h2 style=\"margin-bottom:0;margin-top:var(--wp--preset--spacing--20);\" class=\"wp-block-post-title has-large-font-size\"><a href=\"https:\/\/esmerindorocha.com\/?p=2458\" target=\"_self\" >Dicas para Fam\u00edlias e Casais na Leitura de Ebooks<\/a><\/h2>\n\n            <div style=\"margin-bottom:0;margin-top:var(--wp--preset--spacing--20);\" class=\"wp-block-post-excerpt\"><p class=\"wp-block-post-excerpt__excerpt\">Introdu\u00e7\u00e3o aos Ebooks Nos dias de hoje, os ebooks se tornaram uma forma popular de acessar literatura e outros conte\u00fados&hellip; <\/p><\/div>\n\n            <div style=\"margin-top:var(--wp--preset--spacing--20);\" class=\"wp-block-post-date\"><time datetime=\"2026-05-07T02:37:39+00:00\">5\/7\/2026<\/time><\/div>\n            <\/li><\/ul><\/div>\n        <\/div>\n    <\/div>\n<div class=\"wp-block-group alignfull hostinger-ai-gallery-3 hostinger-ai-fade-up is-layout-flow wp-block-group-is-layout-flow\" data-aos=\"fade-up\">\n    <div class=\"wp-block-group alignwide hostinger-ai-fade-up has-global-padding is-layout-constrained wp-block-group-is-layout-constrained\" data-aos=\"fade-up\" style=\"padding-top:var(--wp--preset--spacing--60);padding-bottom:var(--wp--preset--spacing--60)\">\n        <h2 class=\"wp-block-heading has-text-align-center hostinger-ai-title has-dark-color has-text-color has-link-color has-x-large-font-size wp-elements-8b5fbccf9f2ff862a30ee8af95e821ce\" style=\"margin-top:0;margin-right:0;margin-bottom:var(--wp--preset--spacing--20);margin-left:0\">Galeria<\/h2>\n        \n\n        \n        <p class=\"has-text-align-center hostinger-ai-description has-dark-color has-text-color has-link-color has-medium-font-size wp-elements-a171324f629223ae4db03efb3ec85454\" style=\"margin-top:0;margin-bottom:0\">Momentos especiais de fam&iacute;lias e casais em nossas hist&oacute;rias digitais.<\/p>\n        <\/div>\n    \n\n    \n    <div class=\"wp-block-group hostinger-ai-fade-up has-global-padding is-layout-constrained wp-block-group-is-layout-constrained\" data-aos=\"fade-up\" style=\"margin-top:0\">\n        <div class=\"wp-block-group alignwide hostinger-ai-fade-up is-content-justification-center is-nowrap is-layout-flex wp-container-core-group-is-layout-23441af8 wp-block-group-is-layout-flex\" data-aos=\"fade-up\">\n            <figure data-spectra-id=\"spectra-c5b86a5f-d95e-498b-b40c-995052f33931\" class=\"wp-block-image size-full has-custom-border hostinger-ai-image hostinger-index-8\"><img decoding=\"async\" src=\"https:\/\/images.unsplash.com\/photo-1665016276687-2805aff78173?q=85&amp;w=275&amp;h=275&amp;fit=crop\" alt=\"A cozy bookstore with wooden bookshelves filled with colorful books lining the walls. A woman and a child sit on the floor in a corner reading a book, accompanied by a fluffy white dog. The setting has an exposed brick wall and wooden ceiling beams, creating a warm and inviting atmosphere.\" class=\"wp-image-525\" title=\"Blog\"><\/figure>\n            \n\n            \n            <figure data-spectra-id=\"spectra-b8fd60aa-4dbf-4c76-994b-9d1eec26adc5\" class=\"wp-block-image size-full has-custom-border hostinger-ai-image hostinger-index-9\"><img decoding=\"async\" src=\"https:\/\/images.unsplash.com\/photo-1565768415658-42cdc3a89bda?q=85&amp;w=275&amp;h=275&amp;fit=crop\" alt=\"A laptop displaying a website with a large header image of a couple holding hands and looking towards a mountainous landscape. Text on the screen reads \" class=\"wp-image-525\" title=\"Blog\"><\/figure>\n            \n\n            \n            <figure data-spectra-id=\"spectra-17df004c-5451-40c4-b40a-fe34aea3bc8f\" class=\"wp-block-image size-full has-custom-border hostinger-ai-image hostinger-index-10\"><img decoding=\"async\" src=\"https:\/\/images.unsplash.com\/photo-1625708974337-fb8fe9af5711?q=85&amp;w=275&amp;h=275&amp;fit=crop\" alt=\"A person is holding a smartphone with both hands, browsing a website. The screen displays a webpage with text in Portuguese and features an image of a smiling person against a wall. The background is a neutral color, focusing attention on the phone and its content.\" class=\"wp-image-525\" title=\"Blog\"><\/figure>\n            \n\n            \n            <figure data-spectra-id=\"spectra-51488a43-8d25-48f6-8114-4ac186ebf033\" class=\"wp-block-image size-full has-custom-border hostinger-ai-image hostinger-index-11\"><img decoding=\"async\" src=\"https:\/\/images.unsplash.com\/photo-1504983875-d3b163aba9e6?q=85&amp;w=275&amp;h=275&amp;fit=crop\" alt=\"A laptop displays a web page with a bold header text reading \" class=\"wp-image-525\" title=\"Blog\"><\/figure>\n            <\/div>\n        \n\n        \n        <div class=\"wp-block-group alignwide hostinger-ai-fade-up is-content-justification-center is-nowrap is-layout-flex wp-container-core-group-is-layout-23441af8 wp-block-group-is-layout-flex\" data-aos=\"fade-up\">\n            <figure data-spectra-id=\"spectra-7bf616f5-de39-4a72-bba4-716aac2f7b9f\" class=\"wp-block-image size-full has-custom-border hostinger-ai-image hostinger-index-12\"><img decoding=\"async\" src=\"https:\/\/images.unsplash.com\/photo-1606787947511-c34959755d59?q=85&amp;w=275&amp;h=275&amp;fit=crop\" alt=\"A father and his young son share a joyful moment at a breakfast table. The father has his arm around the son, who is laughing and engaging with the food. The table is set with bowls of fruit, glasses of juice, and a plate of waffles. A laptop is open in front of them, and there is a large, lush plant in the background, creating a bright and cozy atmosphere.\" class=\"wp-image-525\" title=\"Blog\"><\/figure>\n            \n\n            \n            <figure data-spectra-id=\"spectra-c0882987-165a-4943-b123-696826b6978b\" class=\"wp-block-image size-full has-custom-border hostinger-ai-image hostinger-index-13\"><img decoding=\"async\" src=\"https:\/\/images.unsplash.com\/photo-1614082175478-20a7219d3244?q=85&amp;w=275&amp;h=275&amp;fit=crop\" alt=\"A cozy setup featuring a digital tablet displaying an article with an image, placed on a textured, woven blanket. Beside the tablet is a mug filled with a dark beverage, likely coffee. A sprig of dried grass lies across the scene, adding a natural element.\" class=\"wp-image-525\" title=\"Blog\"><\/figure>\n            \n\n            \n            <figure data-spectra-id=\"spectra-c730116b-c4a4-40b9-830b-b59f3db638f8\" class=\"wp-block-image size-full has-custom-border hostinger-ai-image hostinger-index-14\"><img decoding=\"async\" src=\"https:\/\/images.unsplash.com\/photo-1514782831304-632d84503f6f?q=85&amp;w=275&amp;h=275&amp;fit=crop\" alt=\"A tablet displaying a digital weekly planner is placed on a light-colored surface. The planner layout includes sections for schedule and events from Monday to Sunday, a to-do list, and a space for notes and gratitude. A stylus rests beside the tablet, suggesting interaction with the planner.\" class=\"wp-image-525\" title=\"Blog\"><\/figure>\n            \n\n            \n            <figure data-spectra-id=\"spectra-91b6b78c-e19b-4a69-a119-e43d940b9156\" class=\"wp-block-image size-full has-custom-border hostinger-ai-image hostinger-index-15\"><img decoding=\"async\" src=\"https:\/\/images.unsplash.com\/photo-1585592049275-66497dae73d4?q=85&amp;w=275&amp;h=275&amp;fit=crop\" alt=\"A hand holding a smartphone displaying a website or app interface related to creating a brand. The screen shows options for Home, Discovery, Members, and Topics.\" class=\"wp-image-525\" title=\"Blog\"><\/figure>\n            <\/div>\n        <\/div>\n    <\/div>\n","protected":false},"excerpt":{"rendered":"<p>Dicas para fam&iacute;lias Galeria Momentos especiais de fam&iacute;lias e casais em nossas hist&oacute;rias digitais.<\/p>\n","protected":false},"author":1,"featured_media":0,"parent":0,"menu_order":0,"comment_status":"closed","ping_status":"closed","template":"no-title","meta":{"_surecart_dashboard_logo_width":"180px","_surecart_dashboard_show_logo":true,"_surecart_dashboard_navigation_orders":true,"_surecart_dashboard_navigation_invoices":true,"_surecart_dashboard_navigation_subscriptions":true,"_surecart_dashboard_navigation_downloads":true,"_surecart_dashboard_navigation_billing":true,"_surecart_dashboard_navigation_account":true,"_uag_custom_page_level_css":"","footnotes":""},"class_list":["post-2464","page","type-page","status-publish","hentry"],"_hostinger_reach_plugin_has_subscription_block":false,"_hostinger_reach_plugin_is_elementor":false,"uagb_featured_image_src":{"full":false,"thumbnail":false,"medium":false,"medium_large":false,"large":false,"1536x1536":false,"2048x2048":false,"blog-thumb":false,"blog-full":false,"woocommerce_thumbnail":false,"woocommerce_single":false,"woocommerce_gallery_thumbnail":false},"uagb_author_info":{"display_name":"esmerindo.digital@gmail.com","author_link":"https:\/\/esmerindorocha.com\/?author=1"},"uagb_comment_info":0,"uagb_excerpt":"Dicas para fam&iacute;lias Galeria Momentos especiais de fam&iacute;lias e casais em nossas hist&oacute;rias digitais.","_links":{"self":[{"href":"https:\/\/esmerindorocha.com\/index.php?rest_route=\/wp\/v2\/pages\/2464","targetHints":{"allow":["GET"]}}],"collection":[{"href":"https:\/\/esmerindorocha.com\/index.php?rest_route=\/wp\/v2\/pages"}],"about":[{"href":"https:\/\/esmerindorocha.com\/index.php?rest_route=\/wp\/v2\/types\/page"}],"author":[{"embeddable":true,"href":"https:\/\/esmerindorocha.com\/index.php?rest_route=\/wp\/v2\/users\/1"}],"replies":[{"embeddable":true,"href":"https:\/\/esmerindorocha.com\/index.php?rest_route=%2Fwp%2Fv2%2Fcomments&post=2464"}],"version-history":[{"count":0,"href":"https:\/\/esmerindorocha.com\/index.php?rest_route=\/wp\/v2\/pages\/2464\/revisions"}],"wp:attachment":[{"href":"https:\/\/esmerindorocha.com\/index.php?rest_route=%2Fwp%2Fv2%2Fmedia&parent=2464"}],"curies":[{"name":"wp","href":"https:\/\/api.w.org\/{rel}","templated":true}]}}