{"id":2462,"date":"2026-05-07T02:37:45","date_gmt":"2026-05-07T02:37:45","guid":{"rendered":"https:\/\/esmerindorocha.com\/?page_id=2462"},"modified":"2026-05-07T16:15:43","modified_gmt":"2026-05-07T16:15:43","slug":"home","status":"publish","type":"page","link":"https:\/\/esmerindorocha.com\/","title":{"rendered":"Home"},"content":{"rendered":"\n<div class=\"wp-block-cover alignfull hostinger-ai-background-video\" style=\"padding-top:0px;padding-right:0px;padding-bottom:0px;padding-left:0px;min-height:353px;aspect-ratio:unset;\"><img loading=\"lazy\" decoding=\"async\" width=\"1366\" height=\"658\" class=\"wp-block-cover__image-background wp-image-2502 size-full\" alt=\"logotipo.jpg (500\u00d7500)\" src=\"https:\/\/esmerindorocha.com\/wp-content\/uploads\/2026\/05\/Logotipo.jpg-500\u00d7500.jpg\" data-object-fit=\"cover\" title=\"Home\" srcset=\"https:\/\/esmerindorocha.com\/wp-content\/uploads\/2026\/05\/Logotipo.jpg-500\u00d7500.jpg 1366w, https:\/\/esmerindorocha.com\/wp-content\/uploads\/2026\/05\/Logotipo.jpg-500\u00d7500-300x145.jpg 300w, https:\/\/esmerindorocha.com\/wp-content\/uploads\/2026\/05\/Logotipo.jpg-500\u00d7500-1024x493.jpg 1024w, https:\/\/esmerindorocha.com\/wp-content\/uploads\/2026\/05\/Logotipo.jpg-500\u00d7500-768x370.jpg 768w, https:\/\/esmerindorocha.com\/wp-content\/uploads\/2026\/05\/Logotipo.jpg-500\u00d7500-600x289.jpg 600w\" sizes=\"auto, (max-width: 1366px) 100vw, 1366px\" \/><span aria-hidden=\"true\" class=\"wp-block-cover__background has-black-background-color has-background-dim\"><\/span><div class=\"wp-block-cover__inner-container is-layout-flow wp-block-cover-is-layout-flow\">\n<div class=\"wp-block-group alignfull hostinger-ai-background-image hostinger-ai-hero-opacity hostinger-ai-fade-up has-global-padding is-layout-constrained wp-block-group-is-layout-constrained\" data-aos=\"fade-up\" data-aos=\"fade-up\">\n<div class=\"wp-block-group alignwide hostinger-ai-fade-up has-x-large-font-size has-z-index is-vertical is-content-justification-center is-nowrap is-layout-flex wp-container-core-group-is-layout-a3793b92 wp-block-group-is-layout-flex\" data-aos=\"fade-up\" style=\"border-style:none;border-width:0px;border-top-left-radius:0px;border-top-right-radius:0px;border-bottom-left-radius:0px;border-bottom-right-radius:0px;min-height:0px;padding-top:var(--wp--preset--spacing--40);padding-bottom:var(--wp--preset--spacing--40) --spectra-z-index: 267;\">\n<div class=\"wp-block-group hostinger-ai-fade-up has-xx-large-font-size wp-container-content-69bc4bdf has-global-padding is-layout-constrained wp-container-core-group-is-layout-5ee355ae wp-block-group-is-layout-constrained\" data-aos=\"fade-up\" style=\"padding-top:0;padding-bottom:0\">\n<h1 class=\"wp-block-heading has-text-align-center hostinger-ai-title has-light-color has-text-color has-link-color has-large-font-size has-z-index wp-elements-80a7a242eb795370e68cb196d3548b7a\" style=\"margin-top:0;margin-right:0;margin-bottom:0;margin-left:0 --spectra-z-index: 415;\"><kbd>esmerindorocha.com<\/kbd><\/h1>\n\n\n\n<p class=\"has-text-align-center hostinger-ai-description has-light-color has-text-color has-link-color has-large-font-size wp-elements-492cbcac16f7037e8febb784dbbddd52\" style=\"margin-top:var(--wp--preset--spacing--20);margin-bottom:var(--wp--preset--spacing--50)\">Dicas e ebooks para fortalecer v\u00ednculos familiar e criar momentos especiais juntos.<\/p>\n\n\n\n<div class=\"wp-block-buttons is-content-justification-center is-layout-flex wp-container-core-buttons-is-layout-a89b3969 wp-block-buttons-is-layout-flex\">\n<div class=\"wp-block-button hostinger-ai-cta-button\"><a class=\"wp-block-button__link has-light-color has-color-3-background-color has-text-color has-background has-link-color has-medium-font-size has-custom-font-size wp-element-button\" href=\"https:\/\/esmerindorocha.com\/\" style=\"border-style:none;border-width:0px;border-radius:50px;padding-top:var(--wp--preset--spacing--30);padding-right:var(--wp--preset--spacing--70);padding-bottom:var(--wp--preset--spacing--30);padding-left:var(--wp--preset--spacing--70);box-shadow:none\">Veja mais<\/a><\/div>\n<\/div>\n<\/div>\n<\/div>\n<\/div>\n<\/div><\/div>\n\n\n\n<div class=\"wp-block-group alignfull hostinger-ai-our-blog-1 hostinger-ai-fade-up has-global-padding is-layout-constrained wp-block-group-is-layout-constrained\" data-aos=\"fade-up\">\n<div class=\"wp-block-group alignwide hostinger-ai-fade-up has-global-padding is-content-justification-left is-layout-constrained wp-container-core-group-is-layout-12dd3699 wp-block-group-is-layout-constrained\" data-aos=\"fade-up\">\n<h2 class=\"wp-block-heading is-style-default hostinger-ai-title has-dark-color has-text-color has-link-color has-large-font-size wp-elements-d46eb8c33b8e8822f8603848677d0780\" style=\"margin-bottom:var(--wp--preset--spacing--50)\">Dicas para fam\u00edlias<\/h2>\n\n\n\n<div data-wp-context=\"{}\" data-wp-interactive=\"core\/query\" data-wp-key=\"24\" data-wp-router-region=\"query-24\" class=\"wp-block-query alignwide is-layout-flow wp-block-query-is-layout-flow\"><ul class=\"columns-2 post-item wp-block-post-template is-layout-grid wp-container-core-post-template-is-layout-02493678 wp-block-post-template-is-layout-grid\"><li data-wp-key=\"post-template-item-2460\" class=\"wp-block-post post-2460 post type-post status-publish format-standard has-post-thumbnail hentry category-uncategorized\">\n<figure class=\"wp-block-post-featured-image\"><a href=\"https:\/\/esmerindorocha.com\/?p=2460\" target=\"_self\"  ><img loading=\"lazy\" decoding=\"async\" width=\"530\" height=\"250\" src=\"https:\/\/images.unsplash.com\/photo-1692914274658-819221d41d6c?q=85&amp;w=530&amp;h=250&amp;fit=crop\" class=\"attachment-blog-thumb size-blog-thumb wp-post-image\" alt=\"Dicas para Criar Conte\u00fado Digital Para Fam\u00edlias e Casais\" style=\"border-radius:20px;object-fit:cover;\" title=\"Dicas para Criar Conte\u00fado Digital Para Fam\u00edlias e Casais\"><\/a><\/figure>\n\n<h2 style=\"margin-bottom:0;margin-top:var(--wp--preset--spacing--20);\" class=\"wp-block-post-title has-medium-font-size\"><a href=\"https:\/\/esmerindorocha.com\/?p=2460\" target=\"_self\" >Dicas para Criar Conte\u00fado Digital Para Fam\u00edlias e Casais<\/a><\/h2>\n\n<div style=\"margin-bottom:0;margin-top:var(--wp--preset--spacing--20);\" class=\"wp-block-post-excerpt\"><p class=\"wp-block-post-excerpt__excerpt\">Introdu\u00e7\u00e3o ao Conte\u00fado Digital No universo digital, a cria\u00e7\u00e3o de conte\u00fado direcionado a fam\u00edlias e casais \u00e9 fundamental para construir&hellip; <\/p><\/div>\n\n<div style=\"margin-top:var(--wp--preset--spacing--20);\" class=\"wp-block-post-date\"><time datetime=\"2026-05-07T02:37:39+00:00\">5\/7\/2026<\/time><\/div>\n<\/li><li data-wp-key=\"post-template-item-2458\" class=\"wp-block-post post-2458 post type-post status-publish format-standard has-post-thumbnail hentry category-uncategorized\">\n<figure class=\"wp-block-post-featured-image\"><a href=\"https:\/\/esmerindorocha.com\/?p=2458\" target=\"_self\"  ><img loading=\"lazy\" decoding=\"async\" width=\"530\" height=\"250\" src=\"https:\/\/images.unsplash.com\/photo-1542744095-291d1f67b221?q=85&amp;w=530&amp;h=250&amp;fit=crop\" class=\"attachment-blog-thumb size-blog-thumb wp-post-image\" alt=\"Dicas para Fam\u00edlias e Casais na Leitura de Ebooks\" style=\"border-radius:20px;object-fit:cover;\" title=\"Dicas para Fam\u00edlias e Casais na Leitura de Ebooks\"><\/a><\/figure>\n\n<h2 style=\"margin-bottom:0;margin-top:var(--wp--preset--spacing--20);\" class=\"wp-block-post-title has-medium-font-size\"><a href=\"https:\/\/esmerindorocha.com\/?p=2458\" target=\"_self\" >Dicas para Fam\u00edlias e Casais na Leitura de Ebooks<\/a><\/h2>\n\n<div style=\"margin-bottom:0;margin-top:var(--wp--preset--spacing--20);\" class=\"wp-block-post-excerpt\"><p class=\"wp-block-post-excerpt__excerpt\">Introdu\u00e7\u00e3o aos Ebooks Nos dias de hoje, os ebooks se tornaram uma forma popular de acessar literatura e outros conte\u00fados&hellip; <\/p><\/div>\n\n<div style=\"margin-top:var(--wp--preset--spacing--20);\" class=\"wp-block-post-date\"><time datetime=\"2026-05-07T02:37:39+00:00\">5\/7\/2026<\/time><\/div>\n<\/li><\/ul><\/div>\n<\/div>\n<\/div>\n\n\n\n<div class=\"wp-block-group alignfull hostinger-ai-solid-block hostinger-ai-fade-up has-color-1-background-color has-background has-global-padding is-layout-constrained wp-block-group-is-layout-constrained\" data-aos=\"fade-up\" style=\"padding-top:var(--wp--preset--spacing--60);padding-bottom:var(--wp--preset--spacing--60)\">\n<div class=\"wp-block-group alignwide hostinger-ai-fade-up is-vertical is-content-justification-center is-nowrap is-layout-flex wp-container-core-group-is-layout-4cc6ee0a wp-block-group-is-layout-flex\" data-aos=\"fade-up\" style=\"min-height:0px;padding-top:0;padding-bottom:0\">\n<div class=\"wp-block-group hostinger-ai-fade-up wp-container-content-69bc4bdf has-global-padding is-content-justification-center is-layout-constrained wp-container-core-group-is-layout-78267832 wp-block-group-is-layout-constrained\" data-aos=\"fade-up\">\n<h2 class=\"wp-block-heading has-text-align-center hostinger-ai-title has-dark-color has-text-color has-link-color has-x-large-font-size wp-elements-0638034ff8bd7d5beec40f0323216984\" style=\"margin-top:0;margin-right:0;margin-bottom:0;margin-left:0\">Comece aqui<\/h2>\n\n\n\n<p class=\"has-text-align-center hostinger-ai-description has-dark-color has-text-color has-link-color has-medium-font-size wp-elements-395a9bb181bf45daccd6296326c60241\" style=\"margin-top:var(--wp--preset--spacing--20);margin-bottom:var(--wp--preset--spacing--50)\">Encontre ebooks e dicas para fortalecer la\u00e7os familiares e de casal.<\/p>\n\n\n\n<div class=\"wp-block-buttons is-content-justification-center is-layout-flex wp-container-core-buttons-is-layout-a89b3969 wp-block-buttons-is-layout-flex\">\n<div class=\"wp-block-button hostinger-ai-cta-button\"><a class=\"wp-block-button__link has-dark-color has-contrast-background-color has-text-color has-background has-link-color has-border-color has-medium-font-size has-custom-font-size wp-element-button\" href=\"https:\/\/esmerindorocha.com\/?page_id=77\" style=\"border-color:#0d141a;border-width:1px;border-radius:50px;padding-top:var(--wp--preset--spacing--30);padding-right:var(--wp--preset--spacing--70);padding-bottom:var(--wp--preset--spacing--30);padding-left:var(--wp--preset--spacing--70);box-shadow:none\">Entrar<\/a><\/div>\n<\/div>\n<\/div>\n<\/div>\n<\/div>\n\n\n\n<div class=\"wp-block-group alignfull hostinger-ai-customer-reviews-5 hostinger-ai-fade-up has-color-1-background-color has-background has-global-padding is-layout-constrained wp-block-group-is-layout-constrained\" data-aos=\"fade-up\">\n<div class=\"wp-block-group alignwide hostinger-ai-fade-up is-vertical is-content-justification-center is-nowrap is-layout-flex wp-container-core-group-is-layout-95764c33 wp-block-group-is-layout-flex\" data-aos=\"fade-up\" style=\"min-height:400px;padding-top:var(--wp--preset--spacing--40);padding-bottom:var(--wp--preset--spacing--40)\">\n<div class=\"wp-block-group hostinger-ai-fade-up wp-container-content-69bc4bdf is-layout-flow wp-container-core-group-is-layout-d6743c7d wp-block-group-is-layout-flow\" data-aos=\"fade-up\">\n<p class=\"has-text-align-center hostinger-ai-subtitle has-dark-color has-text-color has-link-color has-medium-font-size wp-elements-903011da7616e4e995b005ecf6f87302\" style=\"margin-top:0;margin-bottom:var(--wp--preset--spacing--20)\">Opini\u00f5es reais<\/p>\n\n\n\n<p class=\"has-text-align-center hostinger-ai-testimonial-text hostinger-ai-font-bold hostinger-index-2 has-dark-color has-text-color has-link-color wp-elements-d02b723e5bb805b187d8a917eb6b2e73\" style=\"margin-top:0;margin-bottom:var(--wp--preset--spacing--50);font-size:clamp(20px, 1.25rem + ((1vw - 3.2px) * 1.538), 32px);\">\u201dOs ebooks da esmerindorocha.com transformaram nossos momentos em fam\u00edlia, trazendo dicas pr\u00e1ticas que realmente funcionam.\u201d<\/p>\n<\/div>\n<\/div>\n<\/div>\n","protected":false},"excerpt":{"rendered":"<p>Dicas para fam\u00edlias Comece aqui Encontre ebooks e dicas para fortalecer la\u00e7os familiares e de casal. Opini\u00f5es reais \u201dOs ebooks da esmerindorocha.com transformaram nossos momentos em fam\u00edlia, trazendo dicas pr\u00e1ticas que realmente funcionam.\u201d<\/p>\n","protected":false},"author":1,"featured_media":2217,"parent":0,"menu_order":0,"comment_status":"closed","ping_status":"closed","template":"no-title","meta":{"_surecart_dashboard_logo_width":"180px","_surecart_dashboard_show_logo":true,"_surecart_dashboard_navigation_orders":true,"_surecart_dashboard_navigation_invoices":true,"_surecart_dashboard_navigation_subscriptions":true,"_surecart_dashboard_navigation_downloads":true,"_surecart_dashboard_navigation_billing":true,"_surecart_dashboard_navigation_account":true,"_uag_custom_page_level_css":"","footnotes":""},"class_list":["post-2462","page","type-page","status-publish","has-post-thumbnail","hentry"],"_hostinger_reach_plugin_has_subscription_block":false,"_hostinger_reach_plugin_is_elementor":false,"uagb_featured_image_src":{"full":["https:\/\/esmerindorocha.com\/wp-content\/uploads\/2026\/01\/Logotipo-loja-de-roupas-feminina-moderno-violeta-5.jpg",500,500,false],"thumbnail":["https:\/\/esmerindorocha.com\/wp-content\/uploads\/2026\/01\/Logotipo-loja-de-roupas-feminina-moderno-violeta-5-150x150.jpg",150,150,true],"medium":["https:\/\/esmerindorocha.com\/wp-content\/uploads\/2026\/01\/Logotipo-loja-de-roupas-feminina-moderno-violeta-5-300x300.jpg",300,300,true],"medium_large":["https:\/\/esmerindorocha.com\/wp-content\/uploads\/2026\/01\/Logotipo-loja-de-roupas-feminina-moderno-violeta-5.jpg",500,500,false],"large":["https:\/\/esmerindorocha.com\/wp-content\/uploads\/2026\/01\/Logotipo-loja-de-roupas-feminina-moderno-violeta-5.jpg",500,500,false],"1536x1536":["https:\/\/esmerindorocha.com\/wp-content\/uploads\/2026\/01\/Logotipo-loja-de-roupas-feminina-moderno-violeta-5.jpg",500,500,false],"2048x2048":["https:\/\/esmerindorocha.com\/wp-content\/uploads\/2026\/01\/Logotipo-loja-de-roupas-feminina-moderno-violeta-5.jpg",500,500,false],"blog-thumb":["https:\/\/esmerindorocha.com\/wp-content\/uploads\/2026\/01\/Logotipo-loja-de-roupas-feminina-moderno-violeta-5-500x250.jpg",500,250,true],"blog-full":["https:\/\/esmerindorocha.com\/wp-content\/uploads\/2026\/01\/Logotipo-loja-de-roupas-feminina-moderno-violeta-5-500x450.jpg",500,450,true],"woocommerce_thumbnail":["https:\/\/esmerindorocha.com\/wp-content\/uploads\/2026\/01\/Logotipo-loja-de-roupas-feminina-moderno-violeta-5-300x300.jpg",300,300,true],"woocommerce_single":["https:\/\/esmerindorocha.com\/wp-content\/uploads\/2026\/01\/Logotipo-loja-de-roupas-feminina-moderno-violeta-5.jpg",500,500,false],"woocommerce_gallery_thumbnail":["https:\/\/esmerindorocha.com\/wp-content\/uploads\/2026\/01\/Logotipo-loja-de-roupas-feminina-moderno-violeta-5-100x100.jpg",100,100,true]},"uagb_author_info":{"display_name":"esmerindo.digital@gmail.com","author_link":"https:\/\/esmerindorocha.com\/?author=1"},"uagb_comment_info":0,"uagb_excerpt":"Dicas para fam\u00edlias Comece aqui Encontre ebooks e dicas para fortalecer la\u00e7os familiares e de casal. Opini\u00f5es reais \u201dOs ebooks da esmerindorocha.com transformaram nossos momentos em fam\u00edlia, trazendo dicas pr\u00e1ticas que realmente funcionam.\u201d","_links":{"self":[{"href":"https:\/\/esmerindorocha.com\/index.php?rest_route=\/wp\/v2\/pages\/2462","targetHints":{"allow":["GET"]}}],"collection":[{"href":"https:\/\/esmerindorocha.com\/index.php?rest_route=\/wp\/v2\/pages"}],"about":[{"href":"https:\/\/esmerindorocha.com\/index.php?rest_route=\/wp\/v2\/types\/page"}],"author":[{"embeddable":true,"href":"https:\/\/esmerindorocha.com\/index.php?rest_route=\/wp\/v2\/users\/1"}],"replies":[{"embeddable":true,"href":"https:\/\/esmerindorocha.com\/index.php?rest_route=%2Fwp%2Fv2%2Fcomments&post=2462"}],"version-history":[{"count":13,"href":"https:\/\/esmerindorocha.com\/index.php?rest_route=\/wp\/v2\/pages\/2462\/revisions"}],"predecessor-version":[{"id":2503,"href":"https:\/\/esmerindorocha.com\/index.php?rest_route=\/wp\/v2\/pages\/2462\/revisions\/2503"}],"wp:featuredmedia":[{"embeddable":true,"href":"https:\/\/esmerindorocha.com\/index.php?rest_route=\/wp\/v2\/media\/2217"}],"wp:attachment":[{"href":"https:\/\/esmerindorocha.com\/index.php?rest_route=%2Fwp%2Fv2%2Fmedia&parent=2462"}],"curies":[{"name":"wp","href":"https:\/\/api.w.org\/{rel}","templated":true}]}}